{"id":4215,"date":"2022-11-23T12:13:41","date_gmt":"2022-11-23T17:13:41","guid":{"rendered":"https:\/\/wisegroupfl.com\/?page_id=3"},"modified":"2022-11-23T12:13:41","modified_gmt":"2022-11-23T17:13:41","slug":"politica-privacidad-2","status":"publish","type":"page","link":"https:\/\/wisegroupfl.com\/es\/politica-privacidad-2\/","title":{"rendered":"Pol\u00edtica de privacidad"},"content":{"rendered":"<div data-elementor-type=\"wp-page\" data-elementor-id=\"4215\" class=\"elementor elementor-4215\" data-elementor-post-type=\"page\">\n\t\t\t\t<div class=\"elementor-element elementor-element-4eedd46e e-flex e-con-boxed e-con e-parent\" data-id=\"4eedd46e\" data-element_type=\"container\" data-settings=\"{&quot;background_background&quot;:&quot;classic&quot;,&quot;_ha_eqh_enable&quot;:false,&quot;jet_parallax_layout_list&quot;:[]}\">\n\t\t\t\t\t<div class=\"e-con-inner\">\n\t\t\t\t<div class=\"elementor-element elementor-element-66fad13 elementor-invisible elementor-widget elementor-widget-heading\" data-id=\"66fad13\" data-element_type=\"widget\" data-settings=\"{&quot;_animation&quot;:&quot;fadeIn&quot;}\" data-widget_type=\"heading.default\">\n\t\t\t\t<div class=\"elementor-widget-container\">\n\t\t\t\t\t<h2 class=\"elementor-heading-title elementor-size-default\">Pol\u00edtica de Privacidad<\/h2>\t\t\t\t<\/div>\n\t\t\t\t<\/div>\n\t\t\t\t<div class=\"elementor-element elementor-element-64d27a29 elementor-widget elementor-widget-text-editor\" data-id=\"64d27a29\" data-element_type=\"widget\" data-widget_type=\"text-editor.default\">\n\t\t\t\t<div class=\"elementor-widget-container\">\n\t\t\t\t\t\t\t\t\t\n<p>A trav\u00e9s de este sitio web, recopilamos y almacenamos informaci\u00f3n personal proporcionada voluntariamente por nuestros usuarios, la cual incluye, pero no se limita a: nombres, direcciones de correo electr\u00f3nico, n\u00fameros de tel\u00e9fono y cualquier otra informaci\u00f3n proporcionada al completar formularios en nuestro sitio.<br \/><br \/><\/p>\n<p>Nos comprometemos a proteger la privacidad y seguridad de sus datos personales. La informaci\u00f3n recopilada se utilizar\u00e1 \u00fanicamente con el prop\u00f3sito de proporcionarle la informaci\u00f3n y los servicios solicitados, as\u00ed como para enviarle comunicaciones relacionadas con nuestra empresa, como newsletters, promociones, nuevos proyectos y actualizaciones relevantes.<br \/><br \/><\/p>\n<p>Al proporcionar sus datos personales, acepta expresamente el tratamiento de dicha informaci\u00f3n de acuerdo con esta pol\u00edtica de privacidad. Sus datos personales no ser\u00e1n compartidos, vendidos ni cedidos a terceros sin su consentimiento expreso, excepto cuando sea necesario para cumplir con obligaciones legales.<br \/><br \/>Tenga en cuenta que utilizamos cookies y otras tecnolog\u00edas de seguimiento para recopilar informaci\u00f3n sobre su actividad en nuestro sitio web con el fin de mejorar su experiencia de usuario y personalizar el contenido que se le muestra. Estos datos tambi\u00e9n pueden ser utilizados para mostrarle publicidad relevante en el futuro, tanto en nuestro sitio web como en otros sitios web y plataformas en l\u00ednea.<br \/><br \/>Si tiene alguna pregunta sobre nuestra pol\u00edtica de privacidad o desea ejercer sus derechos de protecci\u00f3n de datos, como acceder, rectificar, cancelar u oponerse al tratamiento de sus datos personales, no dude en ponerse en contacto con nosotros a trav\u00e9s de assistant@wisegroupfl.com.<br \/><br \/>Al utilizar este sitio web, usted acepta y consiente el tratamiento de sus datos personales de acuerdo con esta pol\u00edtica de privacidad.<br \/><br \/>Atentamente, Wise Group y Alex De La Rotta<\/p>\n\t\t\t\t\t\t\t\t<\/div>\n\t\t\t\t<\/div>\n\t\t\t\t\t<\/div>\n\t\t\t\t<\/div>\n\t\t\t\t<\/div>","protected":false},"excerpt":{"rendered":"<p>Pol\u00edtica de Privacidad A trav\u00e9s de este sitio web, recopilamos y almacenamos informaci\u00f3n personal proporcionada voluntariamente por nuestros usuarios, la cual incluye, pero no se limita a: nombres, direcciones de correo electr\u00f3nico, n\u00fameros de tel\u00e9fono y cualquier otra informaci\u00f3n proporcionada al completar formularios en nuestro sitio. Nos comprometemos a proteger la privacidad y seguridad de [&hellip;]<\/p>","protected":false},"author":4,"featured_media":0,"parent":0,"menu_order":0,"comment_status":"closed","ping_status":"open","template":"elementor_canvas","meta":{"footnotes":""},"class_list":["post-4215","page","type-page","status-publish","hentry"],"_links":{"self":[{"href":"https:\/\/wisegroupfl.com\/es\/wp-json\/wp\/v2\/pages\/4215","targetHints":{"allow":["GET"]}}],"collection":[{"href":"https:\/\/wisegroupfl.com\/es\/wp-json\/wp\/v2\/pages"}],"about":[{"href":"https:\/\/wisegroupfl.com\/es\/wp-json\/wp\/v2\/types\/page"}],"author":[{"embeddable":true,"href":"https:\/\/wisegroupfl.com\/es\/wp-json\/wp\/v2\/users\/4"}],"replies":[{"embeddable":true,"href":"https:\/\/wisegroupfl.com\/es\/wp-json\/wp\/v2\/comments?post=4215"}],"version-history":[{"count":0,"href":"https:\/\/wisegroupfl.com\/es\/wp-json\/wp\/v2\/pages\/4215\/revisions"}],"wp:attachment":[{"href":"https:\/\/wisegroupfl.com\/es\/wp-json\/wp\/v2\/media?parent=4215"}],"curies":[{"name":"wp","href":"https:\/\/api.w.org\/{rel}","templated":true}]}}