{"id":9429,"date":"2024-11-04T23:56:19","date_gmt":"2024-11-04T22:56:19","guid":{"rendered":"https:\/\/wisegroupfl.com\/acerca-de-wise-group\/"},"modified":"2026-03-28T03:53:24","modified_gmt":"2026-03-28T02:53:24","slug":"acerca-de-wise-group","status":"publish","type":"page","link":"https:\/\/wisegroupfl.com\/es\/acerca-de-wise-group\/","title":{"rendered":"Acerca de Wise group"},"content":{"rendered":"<div data-elementor-type=\"wp-page\" data-elementor-id=\"9429\" class=\"elementor elementor-9429\" data-elementor-post-type=\"page\">\n\t\t\t\t<div class=\"elementor-element elementor-element-2adaed2 e-flex e-con-boxed e-con e-parent\" data-id=\"2adaed2\" data-element_type=\"container\" data-settings=\"{&quot;background_background&quot;:&quot;classic&quot;,&quot;jet_parallax_layout_list&quot;:[],&quot;_ha_eqh_enable&quot;:false}\">\n\t\t\t\t\t<div class=\"e-con-inner\">\n\t\t\t\t<div class=\"elementor-element elementor-element-6df115c elementor-invisible elementor-widget elementor-widget-heading\" data-id=\"6df115c\" data-element_type=\"widget\" data-settings=\"{&quot;_animation&quot;:&quot;fadeInUp&quot;}\" data-widget_type=\"heading.default\">\n\t\t\t\t<div class=\"elementor-widget-container\">\n\t\t\t\t\t<h2 class=\"elementor-heading-title elementor-size-default\">Acerca de Wise group<\/h2>\t\t\t\t<\/div>\n\t\t\t\t<\/div>\n\t\t\t\t<div class=\"elementor-element elementor-element-b8ba0f0 elementor-invisible elementor-widget elementor-widget-text-editor\" data-id=\"b8ba0f0\" data-element_type=\"widget\" data-settings=\"{&quot;_animation&quot;:&quot;fadeInUp&quot;}\" data-widget_type=\"text-editor.default\">\n\t\t\t\t<div class=\"elementor-widget-container\">\n\t\t\t\t\t\t\t\t\t<p>Contamos con un equipo de expertos en hacer inversiones inmobiliarias en Florida, con m\u00e1s de 22 a\u00f1os de experiencia en: Bienes Ra\u00edces, gesti\u00f3n de propiedades, pr\u00e9stamos hipotecarios, contabilidad, visas internacionales, impuestos y mucho m\u00e1s. <\/p>\t\t\t\t\t\t\t\t<\/div>\n\t\t\t\t<\/div>\n\t\t\t\t\t<\/div>\n\t\t\t\t<\/div>\n\t\t<div class=\"elementor-element elementor-element-1782f7d e-flex e-con-boxed e-con e-parent\" data-id=\"1782f7d\" data-element_type=\"container\" data-settings=\"{&quot;jet_parallax_layout_list&quot;:[],&quot;_ha_eqh_enable&quot;:false}\">\n\t\t\t\t\t<div class=\"e-con-inner\">\n\t\t<div class=\"elementor-element elementor-element-539a3ac e-con-full e-flex e-con e-child\" data-id=\"539a3ac\" data-element_type=\"container\" data-settings=\"{&quot;jet_parallax_layout_list&quot;:[],&quot;_ha_eqh_enable&quot;:false}\">\n\t\t\t\t<div class=\"elementor-element elementor-element-2bcccf0 elementor-invisible elementor-widget elementor-widget-image\" data-id=\"2bcccf0\" data-element_type=\"widget\" data-settings=\"{&quot;_animation&quot;:&quot;fadeInUp&quot;}\" data-widget_type=\"image.default\">\n\t\t\t\t<div class=\"elementor-widget-container\">\n\t\t\t\t\t\t\t\t\t\t\t\t\t\t\t<img fetchpriority=\"high\" decoding=\"async\" width=\"800\" height=\"800\" src=\"https:\/\/wisegroupfl.com\/wp-content\/uploads\/2024\/11\/8-1024x1024.jpg\" class=\"attachment-large size-large wp-image-8587\" alt=\"\" srcset=\"https:\/\/wisegroupfl.com\/wp-content\/uploads\/2024\/11\/8-1024x1024.jpg 1024w, https:\/\/wisegroupfl.com\/wp-content\/uploads\/2024\/11\/8-300x300.jpg 300w, https:\/\/wisegroupfl.com\/wp-content\/uploads\/2024\/11\/8-150x150.jpg 150w, https:\/\/wisegroupfl.com\/wp-content\/uploads\/2024\/11\/8-768x768.jpg 768w, https:\/\/wisegroupfl.com\/wp-content\/uploads\/2024\/11\/8.jpg 1200w\" sizes=\"(max-width: 800px) 100vw, 800px\" \/>\t\t\t\t\t\t\t\t\t\t\t\t\t\t\t<\/div>\n\t\t\t\t<\/div>\n\t\t\t\t<\/div>\n\t\t<div class=\"elementor-element elementor-element-0d2e5d2 e-con-full e-flex e-con e-child\" data-id=\"0d2e5d2\" data-element_type=\"container\" data-settings=\"{&quot;jet_parallax_layout_list&quot;:[],&quot;_ha_eqh_enable&quot;:false}\">\n\t\t\t\t<div class=\"elementor-element elementor-element-ffa1b42 elementor-invisible elementor-widget elementor-widget-image\" data-id=\"ffa1b42\" data-element_type=\"widget\" data-settings=\"{&quot;_animation&quot;:&quot;fadeInUp&quot;}\" data-widget_type=\"image.default\">\n\t\t\t\t<div class=\"elementor-widget-container\">\n\t\t\t\t\t\t\t\t\t\t\t\t\t\t\t<img decoding=\"async\" width=\"800\" height=\"450\" src=\"https:\/\/wisegroupfl.com\/wp-content\/uploads\/2024\/11\/22-1024x576.jpg\" class=\"attachment-large size-large wp-image-8580\" alt=\"\" srcset=\"https:\/\/wisegroupfl.com\/wp-content\/uploads\/2024\/11\/22-1024x576.jpg 1024w, https:\/\/wisegroupfl.com\/wp-content\/uploads\/2024\/11\/22-300x169.jpg 300w, https:\/\/wisegroupfl.com\/wp-content\/uploads\/2024\/11\/22-768x432.jpg 768w, https:\/\/wisegroupfl.com\/wp-content\/uploads\/2024\/11\/22.jpg 1280w\" sizes=\"(max-width: 800px) 100vw, 800px\" \/>\t\t\t\t\t\t\t\t\t\t\t\t\t\t\t<\/div>\n\t\t\t\t<\/div>\n\t\t\t\t<\/div>\n\t\t<div class=\"elementor-element elementor-element-4709b4c e-con-full e-flex e-con e-child\" data-id=\"4709b4c\" data-element_type=\"container\" data-settings=\"{&quot;jet_parallax_layout_list&quot;:[],&quot;_ha_eqh_enable&quot;:false}\">\n\t\t\t\t<div class=\"elementor-element elementor-element-c56adea elementor-invisible elementor-widget elementor-widget-image\" data-id=\"c56adea\" data-element_type=\"widget\" data-settings=\"{&quot;_animation&quot;:&quot;fadeInUp&quot;}\" data-widget_type=\"image.default\">\n\t\t\t\t<div class=\"elementor-widget-container\">\n\t\t\t\t\t\t\t\t\t\t\t\t\t\t\t<img decoding=\"async\" width=\"800\" height=\"800\" src=\"https:\/\/wisegroupfl.com\/wp-content\/uploads\/2024\/11\/9-1024x1024.jpg\" class=\"attachment-large size-large wp-image-8588\" alt=\"\" srcset=\"https:\/\/wisegroupfl.com\/wp-content\/uploads\/2024\/11\/9-1024x1024.jpg 1024w, https:\/\/wisegroupfl.com\/wp-content\/uploads\/2024\/11\/9-300x300.jpg 300w, https:\/\/wisegroupfl.com\/wp-content\/uploads\/2024\/11\/9-150x150.jpg 150w, https:\/\/wisegroupfl.com\/wp-content\/uploads\/2024\/11\/9-768x768.jpg 768w, https:\/\/wisegroupfl.com\/wp-content\/uploads\/2024\/11\/9.jpg 1200w\" sizes=\"(max-width: 800px) 100vw, 800px\" \/>\t\t\t\t\t\t\t\t\t\t\t\t\t\t\t<\/div>\n\t\t\t\t<\/div>\n\t\t\t\t<\/div>\n\t\t<div class=\"elementor-element elementor-element-df2590f e-con-full e-flex e-con e-child\" data-id=\"df2590f\" data-element_type=\"container\" data-settings=\"{&quot;jet_parallax_layout_list&quot;:[],&quot;_ha_eqh_enable&quot;:false}\">\n\t\t\t\t<div class=\"elementor-element elementor-element-948d9ee elementor-invisible elementor-widget elementor-widget-image\" data-id=\"948d9ee\" data-element_type=\"widget\" data-settings=\"{&quot;_animation&quot;:&quot;fadeInUp&quot;}\" data-widget_type=\"image.default\">\n\t\t\t\t<div class=\"elementor-widget-container\">\n\t\t\t\t\t\t\t\t\t\t\t\t\t\t\t<img loading=\"lazy\" decoding=\"async\" width=\"800\" height=\"450\" src=\"https:\/\/wisegroupfl.com\/wp-content\/uploads\/2024\/11\/25-1024x576.jpg\" class=\"attachment-large size-large wp-image-8583\" alt=\"\" srcset=\"https:\/\/wisegroupfl.com\/wp-content\/uploads\/2024\/11\/25-1024x576.jpg 1024w, https:\/\/wisegroupfl.com\/wp-content\/uploads\/2024\/11\/25-300x169.jpg 300w, https:\/\/wisegroupfl.com\/wp-content\/uploads\/2024\/11\/25-768x432.jpg 768w, https:\/\/wisegroupfl.com\/wp-content\/uploads\/2024\/11\/25.jpg 1280w\" sizes=\"(max-width: 800px) 100vw, 800px\" \/>\t\t\t\t\t\t\t\t\t\t\t\t\t\t\t<\/div>\n\t\t\t\t<\/div>\n\t\t\t\t<\/div>\n\t\t\t\t\t<\/div>\n\t\t\t\t<\/div>\n\t\t<div class=\"elementor-element elementor-element-19bbfed e-flex e-con-boxed e-con e-parent\" data-id=\"19bbfed\" data-element_type=\"container\" data-settings=\"{&quot;jet_parallax_layout_list&quot;:[],&quot;_ha_eqh_enable&quot;:false}\">\n\t\t\t\t\t<div class=\"e-con-inner\">\n\t\t\t\t<div class=\"elementor-element elementor-element-c53a185 elementor-widget elementor-widget-heading\" data-id=\"c53a185\" data-element_type=\"widget\" data-widget_type=\"heading.default\">\n\t\t\t\t<div class=\"elementor-widget-container\">\n\t\t\t\t\t<h2 class=\"elementor-heading-title elementor-size-default\">\u00bfQuye nos define?<\/h2>\t\t\t\t<\/div>\n\t\t\t\t<\/div>\n\t\t\t\t<div class=\"elementor-element elementor-element-3909ba3 elementor-widget elementor-widget-text-editor\" data-id=\"3909ba3\" data-element_type=\"widget\" data-widget_type=\"text-editor.default\">\n\t\t\t\t<div class=\"elementor-widget-container\">\n\t\t\t\t\t\t\t\t\t<p>Somos un grupo de expertos en bienes ra\u00edces en Florida, nuestro historial nos ha llevado a innovar cada d\u00eda en el sector aprovechando la nueva era tecnol\u00f3gica y las herramientas para crear proyectos e inversiones de \u00e9xito.<\/p>\n<\/p>\n<p>Creemos firmemente que Miami y el sur de la Florida son escenarios llenos de oportunidades para mejorar el estilo de vida y aumentar la rentabilidad de nuestros clientes, y estamos listos para acompa\u00f1arlo a trav\u00e9s de este proceso.<\/p>\n\t\t\t\t\t\t\t\t<\/div>\n\t\t\t\t<\/div>\n\t\t\t\t\t<\/div>\n\t\t\t\t<\/div>\n\t\t<div class=\"elementor-element elementor-element-da92bf0 e-flex e-con-boxed e-con e-parent\" data-id=\"da92bf0\" data-element_type=\"container\" data-settings=\"{&quot;jet_parallax_layout_list&quot;:[],&quot;_ha_eqh_enable&quot;:false}\">\n\t\t\t\t\t<div class=\"e-con-inner\">\n\t\t<div class=\"elementor-element elementor-element-07a12ee e-con-full e-flex e-con e-child\" data-id=\"07a12ee\" data-element_type=\"container\" data-settings=\"{&quot;jet_parallax_layout_list&quot;:[],&quot;_ha_eqh_enable&quot;:false}\">\n\t\t\t\t<div class=\"elementor-element elementor-element-49fbd99 elementor-invisible elementor-widget elementor-widget-image\" data-id=\"49fbd99\" data-element_type=\"widget\" data-settings=\"{&quot;_animation&quot;:&quot;fadeInUp&quot;}\" data-widget_type=\"image.default\">\n\t\t\t\t<div class=\"elementor-widget-container\">\n\t\t\t\t\t\t\t\t\t\t\t\t\t\t\t<img loading=\"lazy\" decoding=\"async\" width=\"800\" height=\"480\" src=\"https:\/\/wisegroupfl.com\/wp-content\/uploads\/2022\/11\/nosotros_banner-1024x615.jpg\" class=\"attachment-large size-large wp-image-416\" alt=\"\" srcset=\"https:\/\/wisegroupfl.com\/wp-content\/uploads\/2022\/11\/nosotros_banner-1024x615.jpg 1024w, https:\/\/wisegroupfl.com\/wp-content\/uploads\/2022\/11\/nosotros_banner-300x180.jpg 300w, https:\/\/wisegroupfl.com\/wp-content\/uploads\/2022\/11\/nosotros_banner-768x462.jpg 768w, https:\/\/wisegroupfl.com\/wp-content\/uploads\/2022\/11\/nosotros_banner-1536x923.jpg 1536w, https:\/\/wisegroupfl.com\/wp-content\/uploads\/2022\/11\/nosotros_banner.jpg 1925w\" sizes=\"(max-width: 800px) 100vw, 800px\" \/>\t\t\t\t\t\t\t\t\t\t\t\t\t\t\t<\/div>\n\t\t\t\t<\/div>\n\t\t\t\t<div class=\"elementor-element elementor-element-36634d0 elementor-widget__width-initial elementor-widget elementor-widget-text-editor\" data-id=\"36634d0\" data-element_type=\"widget\" data-widget_type=\"text-editor.default\">\n\t\t\t\t<div class=\"elementor-widget-container\">\n\t\t\t\t\t\t\t\t\t<p> M\u00e1s de 20 a\u00f1os de experiencia en el sector inmobiliario<\/p>\n\t\t\t\t\t\t\t\t<\/div>\n\t\t\t\t<\/div>\n\t\t\t\t<\/div>\n\t\t<div class=\"elementor-element elementor-element-a7fb0bc e-con-full e-flex e-con e-child\" data-id=\"a7fb0bc\" data-element_type=\"container\" data-settings=\"{&quot;jet_parallax_layout_list&quot;:[],&quot;_ha_eqh_enable&quot;:false}\">\n\t\t\t\t<div class=\"elementor-element elementor-element-4b6f6a2 elementor-widget elementor-widget-heading\" data-id=\"4b6f6a2\" data-element_type=\"widget\" data-widget_type=\"heading.default\">\n\t\t\t\t<div class=\"elementor-widget-container\">\n\t\t\t\t\t<h2 class=\"elementor-heading-title elementor-size-default\">Lo que somos<\/h2>\t\t\t\t<\/div>\n\t\t\t\t<\/div>\n\t\t\t\t<div class=\"elementor-element elementor-element-744b068 elementor-widget elementor-widget-text-editor\" data-id=\"744b068\" data-element_type=\"widget\" data-widget_type=\"text-editor.default\">\n\t\t\t\t<div class=\"elementor-widget-container\">\n\t\t\t\t\t\t\t\t\t<p>Somos vanguardistas y nuestras habilidades nos permiten ser su mejor aliado, adem\u00e1s nuestros servicios integrados nos llevar\u00e1n a cumplir juntos su proyecto de vida haciendo dinero en d\u00f3lares.<\/p>\n\t\t\t\t\t\t\t\t<\/div>\n\t\t\t\t<\/div>\n\t\t\t\t<div class=\"elementor-element elementor-element-3759f1d elementor-widget elementor-widget-text-editor\" data-id=\"3759f1d\" data-element_type=\"widget\" data-widget_type=\"text-editor.default\">\n\t\t\t\t<div class=\"elementor-widget-container\">\n\t\t\t\t\t\t\t\t\t<p><em>Sepa todo lo que necesita saber sobre la migraci\u00f3n o comprar en Florida.<\/em><\/p>\n\t\t\t\t\t\t\t\t<\/div>\n\t\t\t\t<\/div>\n\t\t\t\t<div class=\"elementor-element elementor-element-e9d7fed elementor-widget elementor-widget-button\" data-id=\"e9d7fed\" data-element_type=\"widget\" data-widget_type=\"button.default\">\n\t\t\t\t<div class=\"elementor-widget-container\">\n\t\t\t\t\t\t\t\t\t<div class=\"elementor-button-wrapper\">\n\t\t\t\t\t<a class=\"elementor-button elementor-button-link elementor-size-sm\" href=\"https:\/\/wisegroupfl.com\/es\/contacto-2\/\">\n\t\t\t\t\t\t<span class=\"elementor-button-content-wrapper\">\n\t\t\t\t\t\t\t\t\t<span class=\"elementor-button-text\">Contactanos aqu\u00ed<\/span>\n\t\t\t\t\t<\/span>\n\t\t\t\t\t<\/a>\n\t\t\t\t<\/div>\n\t\t\t\t\t\t\t\t<\/div>\n\t\t\t\t<\/div>\n\t\t\t\t<\/div>\n\t\t\t\t\t<\/div>\n\t\t\t\t<\/div>\n\t\t<div class=\"elementor-element elementor-element-13f9c8b e-flex e-con-boxed e-con e-parent\" data-id=\"13f9c8b\" data-element_type=\"container\" data-settings=\"{&quot;jet_parallax_layout_list&quot;:[],&quot;_ha_eqh_enable&quot;:false}\">\n\t\t\t\t\t<div class=\"e-con-inner\">\n\t\t\t\t<div class=\"elementor-element elementor-element-bf86920 elementor-widget elementor-widget-heading\" data-id=\"bf86920\" data-element_type=\"widget\" data-widget_type=\"heading.default\">\n\t\t\t\t<div class=\"elementor-widget-container\">\n\t\t\t\t\t<h2 class=\"elementor-heading-title elementor-size-default\">Servicios Integrados<\/h2>\t\t\t\t<\/div>\n\t\t\t\t<\/div>\n\t\t\t\t<div class=\"elementor-element elementor-element-0347c85 elementor-widget elementor-widget-text-editor\" data-id=\"0347c85\" data-element_type=\"widget\" data-widget_type=\"text-editor.default\">\n\t\t\t\t<div class=\"elementor-widget-container\">\n\t\t\t\t\t\t\t\t\t<p>Todo es posible gracias a nuestros aliados:<\/p>\n<p>Contamos con un equipo de expertos en pr\u00e9stamos hipotecarios, marketing, ventas, negociaci\u00f3n inmobiliaria comercial y residencial, migraci\u00f3n, legal, fiscal y gesti\u00f3n inmobiliaria para llevar a cabo el paso a paso y cumplir con \u00e9xito su inversi\u00f3n.<\/p>\n\t\t\t\t\t\t\t\t<\/div>\n\t\t\t\t<\/div>\n\t\t\t\t\t<\/div>\n\t\t\t\t<\/div>\n\t\t<div class=\"elementor-element elementor-element-fd2999d e-flex e-con-boxed e-con e-parent\" data-id=\"fd2999d\" data-element_type=\"container\" data-settings=\"{&quot;jet_parallax_layout_list&quot;:[],&quot;_ha_eqh_enable&quot;:false}\">\n\t\t\t\t\t<div class=\"e-con-inner\">\n\t\t<div class=\"elementor-element elementor-element-4dda9ba e-con-full e-flex e-con e-child\" data-id=\"4dda9ba\" data-element_type=\"container\" data-settings=\"{&quot;jet_parallax_layout_list&quot;:[],&quot;_ha_eqh_enable&quot;:false}\">\n\t\t\t\t<div class=\"elementor-element elementor-element-fbbe8b1 elementor-position-top elementor-widget elementor-widget-image-box\" data-id=\"fbbe8b1\" data-element_type=\"widget\" data-widget_type=\"image-box.default\">\n\t\t\t\t<div class=\"elementor-widget-container\">\n\t\t\t\t\t<div class=\"elementor-image-box-wrapper\"><figure class=\"elementor-image-box-img\"><img loading=\"lazy\" decoding=\"async\" width=\"345\" height=\"345\" src=\"https:\/\/wisegroupfl.com\/wp-content\/uploads\/2022\/12\/Q-Kapital-345x345-1.jpg\" class=\"attachment-full size-full wp-image-1189\" alt=\"\" srcset=\"https:\/\/wisegroupfl.com\/wp-content\/uploads\/2022\/12\/Q-Kapital-345x345-1.jpg 345w, https:\/\/wisegroupfl.com\/wp-content\/uploads\/2022\/12\/Q-Kapital-345x345-1-300x300.jpg 300w, https:\/\/wisegroupfl.com\/wp-content\/uploads\/2022\/12\/Q-Kapital-345x345-1-150x150.jpg 150w\" sizes=\"(max-width: 345px) 100vw, 345px\" \/><\/figure><div class=\"elementor-image-box-content\"><h3 class=\"elementor-image-box-title\">Financiamiento<\/h3><p class=\"elementor-image-box-description\">Q Kapital<\/p><\/div><\/div>\t\t\t\t<\/div>\n\t\t\t\t<\/div>\n\t\t\t\t<\/div>\n\t\t<div class=\"elementor-element elementor-element-50973a8 e-con-full e-flex e-con e-child\" data-id=\"50973a8\" data-element_type=\"container\" data-settings=\"{&quot;jet_parallax_layout_list&quot;:[],&quot;_ha_eqh_enable&quot;:false}\">\n\t\t\t\t<div class=\"elementor-element elementor-element-fd9afef elementor-position-top elementor-widget elementor-widget-image-box\" data-id=\"fd9afef\" data-element_type=\"widget\" data-widget_type=\"image-box.default\">\n\t\t\t\t<div class=\"elementor-widget-container\">\n\t\t\t\t\t<div class=\"elementor-image-box-wrapper\"><figure class=\"elementor-image-box-img\"><img loading=\"lazy\" decoding=\"async\" width=\"345\" height=\"345\" src=\"https:\/\/wisegroupfl.com\/wp-content\/uploads\/2022\/12\/CGT-345x345-1.jpg\" class=\"attachment-full size-full wp-image-1191\" alt=\"\" srcset=\"https:\/\/wisegroupfl.com\/wp-content\/uploads\/2022\/12\/CGT-345x345-1.jpg 345w, https:\/\/wisegroupfl.com\/wp-content\/uploads\/2022\/12\/CGT-345x345-1-300x300.jpg 300w, https:\/\/wisegroupfl.com\/wp-content\/uploads\/2022\/12\/CGT-345x345-1-150x150.jpg 150w\" sizes=\"(max-width: 345px) 100vw, 345px\" \/><\/figure><div class=\"elementor-image-box-content\"><h3 class=\"elementor-image-box-title\">Migration<\/h3><p class=\"elementor-image-box-description\">Cuevas Garc\u00eda y Torres P.A<\/p><\/div><\/div>\t\t\t\t<\/div>\n\t\t\t\t<\/div>\n\t\t\t\t<\/div>\n\t\t<div class=\"elementor-element elementor-element-9bb110f e-con-full e-flex e-con e-child\" data-id=\"9bb110f\" data-element_type=\"container\" data-settings=\"{&quot;jet_parallax_layout_list&quot;:[],&quot;_ha_eqh_enable&quot;:false}\">\n\t\t\t\t<div class=\"elementor-element elementor-element-567edf5 elementor-position-top elementor-widget elementor-widget-image-box\" data-id=\"567edf5\" data-element_type=\"widget\" data-widget_type=\"image-box.default\">\n\t\t\t\t<div class=\"elementor-widget-container\">\n\t\t\t\t\t<div class=\"elementor-image-box-wrapper\"><figure class=\"elementor-image-box-img\"><img loading=\"lazy\" decoding=\"async\" width=\"345\" height=\"345\" src=\"https:\/\/wisegroupfl.com\/wp-content\/uploads\/2022\/12\/CyG-345x345-1.jpg\" class=\"attachment-full size-full wp-image-1190\" alt=\"\" srcset=\"https:\/\/wisegroupfl.com\/wp-content\/uploads\/2022\/12\/CyG-345x345-1.jpg 345w, https:\/\/wisegroupfl.com\/wp-content\/uploads\/2022\/12\/CyG-345x345-1-300x300.jpg 300w, https:\/\/wisegroupfl.com\/wp-content\/uploads\/2022\/12\/CyG-345x345-1-150x150.jpg 150w\" sizes=\"(max-width: 345px) 100vw, 345px\" \/><\/figure><div class=\"elementor-image-box-content\"><h3 class=\"elementor-image-box-title\">Corporate Structure (LLC)<\/h3><p class=\"elementor-image-box-description\">C&amp;G Integral - WPO<\/p><\/div><\/div>\t\t\t\t<\/div>\n\t\t\t\t<\/div>\n\t\t\t\t<\/div>\n\t\t<div class=\"elementor-element elementor-element-cf12f10 e-con-full e-flex e-con e-child\" data-id=\"cf12f10\" data-element_type=\"container\" data-settings=\"{&quot;jet_parallax_layout_list&quot;:[],&quot;_ha_eqh_enable&quot;:false}\">\n\t\t\t\t<div class=\"elementor-element elementor-element-0f3e0af elementor-position-top elementor-widget elementor-widget-image-box\" data-id=\"0f3e0af\" data-element_type=\"widget\" data-widget_type=\"image-box.default\">\n\t\t\t\t<div class=\"elementor-widget-container\">\n\t\t\t\t\t<div class=\"elementor-image-box-wrapper\"><figure class=\"elementor-image-box-img\"><img loading=\"lazy\" decoding=\"async\" width=\"345\" height=\"345\" src=\"https:\/\/wisegroupfl.com\/wp-content\/uploads\/2022\/12\/Be-Happy-345x345-1.jpg\" class=\"attachment-full size-full wp-image-1192\" alt=\"\" srcset=\"https:\/\/wisegroupfl.com\/wp-content\/uploads\/2022\/12\/Be-Happy-345x345-1.jpg 345w, https:\/\/wisegroupfl.com\/wp-content\/uploads\/2022\/12\/Be-Happy-345x345-1-300x300.jpg 300w, https:\/\/wisegroupfl.com\/wp-content\/uploads\/2022\/12\/Be-Happy-345x345-1-150x150.jpg 150w\" sizes=\"(max-width: 345px) 100vw, 345px\" \/><\/figure><div class=\"elementor-image-box-content\"><h3 class=\"elementor-image-box-title\">Administraci\u00f3n de propiedades<\/h3><p class=\"elementor-image-box-description\">Be Happy<\/p><\/div><\/div>\t\t\t\t<\/div>\n\t\t\t\t<\/div>\n\t\t\t\t<\/div>\n\t\t\t\t\t<\/div>\n\t\t\t\t<\/div>\n\t\t<div class=\"elementor-element elementor-element-e64da07 e-flex e-con-boxed e-con e-parent\" data-id=\"e64da07\" data-element_type=\"container\" data-settings=\"{&quot;jet_parallax_layout_list&quot;:[],&quot;_ha_eqh_enable&quot;:false}\">\n\t\t\t\t\t<div class=\"e-con-inner\">\n\t\t\t\t<div class=\"elementor-element elementor-element-664a71b elementor-widget elementor-widget-heading\" data-id=\"664a71b\" data-element_type=\"widget\" data-widget_type=\"heading.default\">\n\t\t\t\t<div class=\"elementor-widget-container\">\n\t\t\t\t\t<h2 class=\"elementor-heading-title elementor-size-default\">\u00bfQue nos define?<\/h2>\t\t\t\t<\/div>\n\t\t\t\t<\/div>\n\t\t\t\t<div class=\"elementor-element elementor-element-33bd9f0 elementor-widget elementor-widget-text-editor\" data-id=\"33bd9f0\" data-element_type=\"widget\" data-widget_type=\"text-editor.default\">\n\t\t\t\t<div class=\"elementor-widget-container\">\n\t\t\t\t\t\t\t\t\t<p>Los que se basan en el comportamiento del mercado, est\u00e1n a la vanguardia para asesorarlo y ayudarle a tomar las mejores decisiones que monetizar\u00e1n sus activos.<\/p>\n\t\t\t\t\t\t\t\t<\/div>\n\t\t\t\t<\/div>\n\t\t\t\t<div class=\"elementor-element elementor-element-6a50aa0 elementor-widget elementor-widget-button\" data-id=\"6a50aa0\" data-element_type=\"widget\" data-widget_type=\"button.default\">\n\t\t\t\t<div class=\"elementor-widget-container\">\n\t\t\t\t\t\t\t\t\t<div class=\"elementor-button-wrapper\">\n\t\t\t\t\t<a class=\"elementor-button elementor-button-link elementor-size-sm\" href=\"https:\/\/wisegroupfl.com\/es\/contacto-2\/\">\n\t\t\t\t\t\t<span class=\"elementor-button-content-wrapper\">\n\t\t\t\t\t\t\t\t\t<span class=\"elementor-button-text\">Cont\u00e1ctanos aqu\u00ed<\/span>\n\t\t\t\t\t<\/span>\n\t\t\t\t\t<\/a>\n\t\t\t\t<\/div>\n\t\t\t\t\t\t\t\t<\/div>\n\t\t\t\t<\/div>\n\t\t\t\t\t<\/div>\n\t\t\t\t<\/div>\n\t\t\t\t<\/div>","protected":false},"excerpt":{"rendered":"<p>Acerca de Wise group Contamos con un equipo de expertos en hacer inversiones inmobiliarias en Florida, con m\u00e1s de 22 a\u00f1os de experiencia en: Bienes Ra\u00edces, gesti\u00f3n de propiedades, pr\u00e9stamos hipotecarios, contabilidad, visas internacionales, impuestos y mucho m\u00e1s. \u00bfQuye nos define? Somos un grupo de expertos en bienes ra\u00edces en Florida, nuestro historial nos ha [&hellip;]<\/p>","protected":false},"author":1,"featured_media":0,"parent":0,"menu_order":0,"comment_status":"closed","ping_status":"closed","template":"","meta":{"footnotes":""},"class_list":["post-9429","page","type-page","status-publish","hentry"],"_links":{"self":[{"href":"https:\/\/wisegroupfl.com\/es\/wp-json\/wp\/v2\/pages\/9429","targetHints":{"allow":["GET"]}}],"collection":[{"href":"https:\/\/wisegroupfl.com\/es\/wp-json\/wp\/v2\/pages"}],"about":[{"href":"https:\/\/wisegroupfl.com\/es\/wp-json\/wp\/v2\/types\/page"}],"author":[{"embeddable":true,"href":"https:\/\/wisegroupfl.com\/es\/wp-json\/wp\/v2\/users\/1"}],"replies":[{"embeddable":true,"href":"https:\/\/wisegroupfl.com\/es\/wp-json\/wp\/v2\/comments?post=9429"}],"version-history":[{"count":4,"href":"https:\/\/wisegroupfl.com\/es\/wp-json\/wp\/v2\/pages\/9429\/revisions"}],"predecessor-version":[{"id":10537,"href":"https:\/\/wisegroupfl.com\/es\/wp-json\/wp\/v2\/pages\/9429\/revisions\/10537"}],"wp:attachment":[{"href":"https:\/\/wisegroupfl.com\/es\/wp-json\/wp\/v2\/media?parent=9429"}],"curies":[{"name":"wp","href":"https:\/\/api.w.org\/{rel}","templated":true}]}}